{"id":107,"date":"2022-10-16T10:21:36","date_gmt":"2022-10-16T08:21:36","guid":{"rendered":"https:\/\/butiko.come-together-songs.de\/?post_type=product&#038;p=107"},"modified":"2024-12-31T16:35:40","modified_gmt":"2024-12-31T15:35:40","slug":"liederbuch-band-ii","status":"publish","type":"product","link":"https:\/\/butiko.come-together-songs.de\/en_gb\/product\/liederbuch-band-ii\/","title":{"rendered":"Song Book Volume II"},"content":{"rendered":"<ul>\n<li>6th edition (revised)<\/li>\n<li>128 pages<\/li>\n<li>Format A5<\/li>\n<li>Convenient spiral binding<\/li>\n<li>ISBN 978-3-89060-235-6<\/li>\n<\/ul>\n<h3>Song Book II. Preface<\/h3>\n<p>Singing has been a way to bring people together in cultures throughout the world and throughout time. People sing to celebrate the seasons, harvests and other social or individual events. And singing has always been used to express our feelings and even to heal them. Our souls need songs to remain healthy.<\/p>\n<p>However, singing seems to have almost disappeared from everyday life in our modern Western European cultures. Perhaps the natural social framework for communal singing fell apart as the Industrial Revolution destroyed the communities offered by villages and extended families living together. And, in Germany, the abuse of traditional culture during the National Socialist era led to distortions in our way of relating to German songs and even the act of singing itself. Nonetheless, a range of media ensure that music pervades our life and can be accessed anywhere and anytime, so why don\u2019t we sing ourselves? It\u2019s a basic human need, after all! More and more people are (re-)discovering and cultivating the power of singing together. And I\u2019m very happy I could make my own contribution to this movement with my Song Book Volume 1, which has found its way into the hands of an astonishing number of admirers.<\/p>\n<p>So now I\u2019m fulfilling my promise at last and publishing the 2nd volume: I\u2019ve been collecting songs for the last seven years which people enjoy singing (again) and which express our quest for hope and an alternative to the consumerist and soulless world we often find ourselves in. I let my heart guide me when it came to compiling the songs, which resulted in a great diversity: \u2018world music\u2019, sounds from Africa, New Zealand and the Balkans, new German songs and English-language chants. One focal theme is our search for meaning and connection with Creation. This is mainly expressed in the second half of the book through spiritual songs from the Christian, Jewish, Sufi, Hindu and Buddhist traditions. After all, the divine may have diverse manifestations but it is also One.<\/p>\n<p>As with the first volume, the musical notation and lyrics are supplemented with illustrations. And there are poems and texts to broaden our mind and cheer our heart, whether read for ourselves or read aloud.<\/p>\n<p>Enjoy your rediscovery of singing\u2019s heart power !!<\/p>\n<p>Belzig, June 2004, Hagara Feinbier<\/p>\n<h3>The Songs<\/h3>\n<p><strong>German Songs<\/strong><\/p>\n<ul>\n<li>Es t\u00f6nen die Lieder<\/li>\n<li>Lachend kommt der Sommer<\/li>\n<li>Die Sonne t\u00f6nt<\/li>\n<li>Strahlender als die Sonne<\/li>\n<li>So hoch in den Himmel<\/li>\n<li>Im Samen der Baum<\/li>\n<li>Schl\u00e4ft ein Lied in allen Dingen<\/li>\n<li>Nimm den Schuh<\/li>\n<li>Schlaflied f\u00fcr Anne<\/li>\n<li>Zwei kleine W\u00f6lfe<\/li>\n<li>Irische Segensw\u00fcnsche<\/li>\n<li>Es schlie\u00dft sich ein Kreis<\/li>\n<li>Die wichtigste Zeit<\/li>\n<\/ul>\n<p><strong>Songs in English<\/strong><\/p>\n<ul>\n<li>Chaos<\/li>\n<li>We are the Power in Everyone<\/li>\n<li>Wind and Rocks, Fire and Rain<\/li>\n<li>Fire Within<\/li>\n<li>Tall Trees<\/li>\n<li>The Earth is turning<\/li>\n<li>Our Rainbow Race<\/li>\n<li>This little Light of mine<\/li>\n<li>O fill my Heart<\/li>\n<li>Sunrise<\/li>\n<li>Round and round we dance<\/li>\n<li>May the Circle be open<\/li>\n<li>Full Moonlight Dance<\/li>\n<li>Sowing Charme<\/li>\n<li>As I me walked<\/li>\n<\/ul>\n<p><strong>European Songs<\/strong><\/p>\n<ul>\n<li>Gamla Moder Jord Schweden<\/li>\n<li>Polsketrall Schweden<\/li>\n<li>Yo te dar\u00e9 Spanien<\/li>\n<li>Sednaludo Bulgarien<\/li>\n<li>Lesicata Slowenien<\/li>\n<li>Crven fesic Bosnien<\/li>\n<li>Beljevina Kroatien<\/li>\n<li>Oj livado Serbien<\/li>\n<li>Ajde Jano Serbien<\/li>\n<li>Romale Roma<\/li>\n<\/ul>\n<p><strong>Pacific Songs<\/strong><\/p>\n<ul>\n<li>Epo I Tai Tai<em>\u00a0\u2013 New Zealand<\/em><\/li>\n<li>Mate aroha<em>\u00a0\u2013 New Zealand<\/em><\/li>\n<li>E Malama<em>\u00a0\u2013 Hawaii<\/em><\/li>\n<li>Diru Diru<em>\u00a0\u2013 Neuguinea<\/em><\/li>\n<li>Ungala W\u00e9<em>\u00a0\u2013 Australien<\/em><\/li>\n<li>Hotaru Koi\u00a0<em>\u2013 Japan<\/em><\/li>\n<li>Ah Ri Rang<em>\u00a0\u2013 Korea<\/em><\/li>\n<\/ul>\n<p><strong>South American Songs<\/strong><\/p>\n<ul>\n<li>Quillata\u00a0<em>\u2013 Peru<\/em><\/li>\n<li>Cueca boliviana\u00a0<em>\u2013 Bolivien<\/em><\/li>\n<li>Pasaro Pa \u2013\u00a0<em>Brasilien<\/em><\/li>\n<li>Kimbara<em> \u2013 Brasilien<\/em><\/li>\n<li>Ab\u00e9b\u00e9 Osh\u00fan \u2013\u00a0<em>Kuba\/Joruba<\/em><\/li>\n<\/ul>\n<p><strong>African Songs<\/strong><\/p>\n<ul>\n<li>Oleho \u2013\u00a0<em>Ghana<\/em><\/li>\n<li>Amaibu \u2013\u00a0<em>Pygm\u00e4en<\/em><\/li>\n<li>Baba la gumbala \u2013\u00a0<em>Afrika<\/em><\/li>\n<li>Lamuna miin dee \u2013\u00a0<em>\u00c4thiopien<\/em><\/li>\n<li>Peace Chant \u2013\u00a0<em>Senegal<\/em><\/li>\n<li>Kwaheri \u2013\u00a0<em>Kenia<\/em><\/li>\n<li>Ide wer\u00e9 wer\u00e9 \u2013\u00a0<em>Nigeria<\/em><\/li>\n<li>Ibach\u00e9 \u2013\u00a0<em>Nigeria<\/em><\/li>\n<li>Bobo Mal\u00e9 \u2013\u00a0<em>Burkina Faso<\/em><\/li>\n<li>Mama Afrika \u2013\u00a0<em>Westafrika<\/em><\/li>\n<li>Bawo Wethu \u2013\u00a0<em>S\u00fcdafrika<\/em><\/li>\n<li>Ipharadisi \u2013\u00a0<em>S\u00fcdafrika<\/em><\/li>\n<li>Siyahamba \u2013\u00a0<em>S\u00fcdafrika<\/em><\/li>\n<li>Thanda Umelwane \u2013\u00a0<em>S\u00fcdafrika<\/em><\/li>\n<li>Sana Sananina \u2013\u00a0<em>S\u00fcdafrika<\/em><\/li>\n<li>Hambani Kahle \u2013\u00a0<em>S\u00fcdafrika<\/em><\/li>\n<\/ul>\n<p><strong>Native American Songs<\/strong><\/p>\n<ul>\n<li>Shima<\/li>\n<li>Now I walk in Beauty<\/li>\n<li>Navajo Happy Song<\/li>\n<li>Wendeyaho<\/li>\n<li>Frauen-&amp; M\u00e4nnerlied<\/li>\n<li>Horse Stealing Song<\/li>\n<li>Koyoten-Lied<\/li>\n<li>Chief Seattle Circle<\/li>\n<li>Yani Yoni Ya Hu Way<\/li>\n<li>O great Spirit<\/li>\n<li>The earth is a woman<\/li>\n<li>Ini Watchine<\/li>\n<li>Firechild<\/li>\n<li>Mihiayun<\/li>\n<\/ul>\n<p><strong>Spiritual Songs and Mantras<\/strong><\/p>\n<p><em>Christian Songs:<\/em><\/p>\n<ul>\n<li>Bless the Lord my Soul (Taiz\u00e9)<\/li>\n<li>Jubilate Deo<\/li>\n<li>Im Dunkel unsrer Nacht (Taiz\u00e9)<\/li>\n<li>Magnificat (Taiz\u00e9)<\/li>\n<li>Gloria (Taiz\u00e9)<\/li>\n<li>Thy Kingdom Come<\/li>\n<li>Heart of the Mother<\/li>\n<li>Agios o Theos (orthodox)<\/li>\n<\/ul>\n<p><em>\u00a0Jewish Songs:<\/em><\/p>\n<ul>\n<li>Return again<\/li>\n<li>Nigun 1 (chassidisch)<\/li>\n<li>Nigun 2 (chassidisch)<\/li>\n<li>Nigun 3 (chassidisch)<\/li>\n<li>Kol haolam kulo<\/li>\n<li>Lo Yisa Goy 1<\/li>\n<li>Lo Yisa Goi 2<\/li>\n<li>Shalom \/ Salaam<\/li>\n<li>Peace, Shalom, Salamaleikum<\/li>\n<\/ul>\n<p><em>Sufi Songs:<\/em><\/p>\n<ul>\n<li>Come, come, whoever you are<\/li>\n<li>Singing Field<\/li>\n<li>Thy Light is in all Forms<\/li>\n<li>Ma sha\u2019Allah<\/li>\n<li>Ya Azim<\/li>\n<li>From You I receive<\/li>\n<li>Let my Heart reflect Thy Light<\/li>\n<li>Bismillah Erachman Erachim<\/li>\n<li>Ya Jamil (Beauty is eternity)<\/li>\n<\/ul>\n<p><em>Sikh A Mantras:<\/em><\/p>\n<ul>\n<li>Aad Gureh Nameh<\/li>\n<li>Sat Siri<\/li>\n<\/ul>\n<p><em>Hindu Mantras:<\/em><\/p>\n<ul>\n<li>Dhanyavad Ananda<\/li>\n<li>Shaki, Shakti, Dhanyavad<\/li>\n<li>Om Srim Maha-Lakshmiay<\/li>\n<li>Om Satyam Shivam Sundaram<\/li>\n<li>Om Namoh Narayanaya<\/li>\n<li>Om Vakratundaya Hum<\/li>\n<li>Om Dum Durgaye<\/li>\n<li>Shiva Shambo<\/li>\n<li>Jai Shiva Shankara<\/li>\n<li>Om Namah Shivaya<\/li>\n<li>Om Sri Ram Jai Ram<\/li>\n<\/ul>\n<p><em>Buddhist Mantras:<\/em><\/p>\n<ul>\n<li>Baba Nam Kevalam<\/li>\n<li>Teyata Om Bekanze<\/li>\n<li>Om Tare Tutare Ture Swaha<\/li>\n<li>Dang Dang Doko Dang<\/li>\n<li>Gayatri-Mantra<\/li>\n<li>Om Mani Padme Hum<\/li>\n<li>Om Ah Hum, Om Mani Padme Hum<\/li>\n<\/ul>\n<h3>Complete alphabetical index<\/h3>\n<p><a href=\"https:\/\/butiko.come-together-songs.de\/wp-content\/uploads\/2022\/11\/CTS_Gesamtinhalt_I-IV.pdf\" target=\"_blank\" rel=\"noopener\">Complete alphabetical index of Vol. I, II, III and IV as PDF to download \u2193<\/a><\/p>","protected":false},"excerpt":{"rendered":"<p>126 mono- and polyphonic songs from Germany, Europe, Africa, South America, New Zealand and Hawaii, including spiritual songs and mantras from the Native American, Christian, Sufi, Sikh, Jewish, Hindu and Buddhist traditions.<br \/>\nTo go with the songs, there are interesting articles, stories and poems on the healing power of music and singing as well as advice on singing with groups and a guitar chord table.<\/p>","protected":false},"featured_media":108,"template":"","meta":[],"product_brand":[],"product_cat":[84],"product_tag":[],"class_list":{"0":"post-107","1":"product","2":"type-product","3":"status-publish","4":"has-post-thumbnail","6":"product_cat-liederbuch-band-ii-musik-cds-ii-1-und-ii-2","8":"first","9":"instock","10":"taxable","11":"shipping-taxable","12":"purchasable","13":"product-type-simple"},"jetpack_sharing_enabled":true,"_links":{"self":[{"href":"https:\/\/butiko.come-together-songs.de\/en_gb\/wp-json\/wp\/v2\/product\/107","targetHints":{"allow":["GET"]}}],"collection":[{"href":"https:\/\/butiko.come-together-songs.de\/en_gb\/wp-json\/wp\/v2\/product"}],"about":[{"href":"https:\/\/butiko.come-together-songs.de\/en_gb\/wp-json\/wp\/v2\/types\/product"}],"wp:featuredmedia":[{"embeddable":true,"href":"https:\/\/butiko.come-together-songs.de\/en_gb\/wp-json\/wp\/v2\/media\/108"}],"wp:attachment":[{"href":"https:\/\/butiko.come-together-songs.de\/en_gb\/wp-json\/wp\/v2\/media?parent=107"}],"wp:term":[{"taxonomy":"product_brand","embeddable":true,"href":"https:\/\/butiko.come-together-songs.de\/en_gb\/wp-json\/wp\/v2\/product_brand?post=107"},{"taxonomy":"product_cat","embeddable":true,"href":"https:\/\/butiko.come-together-songs.de\/en_gb\/wp-json\/wp\/v2\/product_cat?post=107"},{"taxonomy":"product_tag","embeddable":true,"href":"https:\/\/butiko.come-together-songs.de\/en_gb\/wp-json\/wp\/v2\/product_tag?post=107"}],"curies":[{"name":"wp","href":"https:\/\/api.w.org\/{rel}","templated":true}]}}