{"id":92,"date":"2022-10-11T18:41:41","date_gmt":"2022-10-11T16:41:41","guid":{"rendered":"https:\/\/butiko.come-together-songs.de\/?post_type=product&#038;p=92"},"modified":"2024-12-31T16:35:51","modified_gmt":"2024-12-31T15:35:51","slug":"liederbuch-band-i","status":"publish","type":"product","link":"https:\/\/butiko.come-together-songs.de\/de_de\/produkt\/liederbuch-band-i\/","title":{"rendered":"Liederbuch Band I"},"content":{"rendered":"<ul>\n<li>Liederbuch Band I<\/li>\n<li>11. \u00fcberarbeitete Auflage 2015<\/li>\n<li>116 Seiten<\/li>\n<li>Format A5<\/li>\n<li>praktische Spiralbindung<\/li>\n<li>ISBN 978-3-89060-230-1<\/li>\n<\/ul>\n<p>Der liebevoll gestaltete und mit sch\u00f6nen Zeichnungen geschm\u00fcckte erste Band aus meiner Liederbuchreihe ist eine gro\u00dfe Fundgrube f\u00fcr alle, die gerne singen. Im weiteren enth\u00e4lt das Buch sch\u00f6ne Texte, Geschichten und Gedichte zur Heilkraft der Musik und des Singens, Hinweise zum Singen mit Gruppen sowie eine Grifftabelle f\u00fcr Gitarre. Alle Lieder mit Noten, Akkordsymbolen f\u00fcr Gitarre u.a., \u00dcbersetzungen und Erl\u00e4uterungen.<\/p>\n<h3>Vorwort zur siebten Auflage<\/h3>\n<p>Neun Jahre ist es jetzt her, da sa\u00df ich mit zwei Freunden an der Gestaltung dieses Liederbuches. Ich hatte \u00fcber Jahre hinweg viele Lieder gesammelt und ausgew\u00e4hlt, die gemeinsam Freude machen, die unsere Seelen anr\u00fchren und unsere Ohren \u00f6ffnen f\u00fcr die Kl\u00e4nge der Welt. Und nun sollte das Buch ein richtig sch\u00f6nes Layout bekommen; eines, an dem man erkennt, was mir wichtig ist: die Pflege der kleinen Dinge und die Liebe zu den gro\u00dfen Gedanken. Jetzt geht schon die 7. Auflage des Buches in Druck, und ich freue mich riesig \u00fcber diesen Zuspruch!<\/p>\n<p>Das Buch fand aus meinen Seminaren und der ZEGG \u2013 Gemeinschaft, in der ich lebe, seinen Weg in Schulen und Kinderg\u00e4rten, Frauengruppen, Kirchengemeinden, Umweltgruppen und viele Freundeskreise, die durch dieses Buch angefangen haben, wieder zu singen. Ich m\u00f6chte Menschen ermutigen, in ihren Alltagszusammenh\u00e4ngen wieder mehr zu singen, mit ihren Kindern, ihren Freunden und Kollegen. Die Erfahrung zeigt: Die Lieder haben die Kraft und Magie, Menschen in neuer Art zum Singen zusammen zu bringen. Sie sind musikalisch einfach und haben meistens wenig Text, so da\u00df sie leicht auswendig gesungen werden k\u00f6nnen. Wenn sie oft wiederholt werden, kann unser Geist zur Ruhe kommen, und auch unge\u00fcbte S\u00e4nger haben Zeit, sich einzuschwingen.<\/p>\n<p>Mittlerweile gibt es in gleicher Ausstattung einen zweiten Band des Liederbuches und Begleit-CDs dazu f\u00fcr alle diejenigen, die Lieder leichter \u00fcber das Geh\u00f6r lernen oder die gerne zur CD mitsingen m\u00f6chten. (Siehe S. 113) Ich verbinde mit meiner Arbeit die Hoffnung, dass die heilende und bewegende Kraft dieser Lieder weiterhin viele Menschen erreicht und ihre Herzen zu \u00f6ffnen vermag, denn:<\/p>\n<p>\u201cWenn einer aus seiner Seele singt, heilt er zugleich seine innere Welt. Wenn viele aus ihrer Seele singen und eins sind in der Musik, heilen sie zugleich auch die \u00e4u\u00dfere Welt.&#8220;<\/p>\n<p>Yehudi Menhuin<\/p>\n<p>Belzig im Juni 2006, Hagara Feinbier<\/p>\n<h3>Die Lieder<\/h3>\n<p><b>Lieder aus aller Welt<\/b><\/p>\n<ul>\n<li>Un pocquito cantas<\/li>\n<li>Viva la Feria<\/li>\n<li>De Colores<\/li>\n<li>Canta Canta<\/li>\n<li>Sto Mi E Milo<\/li>\n<li>Arnisi<\/li>\n<li>Leila<\/li>\n<li>Drink to me<\/li>\n<li>Aramsamsam<\/li>\n<li>I like the Flowers<\/li>\n<li>So San<\/li>\n<li>Sch\u00f6pfungslegende aus Japan<\/li>\n<li>Ein Fisch im Wasser<\/li>\n<li>Vem kan segla<\/li>\n<li>Wahre Freundschaft<\/li>\n<li>Ade zur guten Nacht<\/li>\n<li>So reich mir deine H\u00e4nde<\/li>\n<li>Dat du min Leevsten b\u00fcst<\/li>\n<li>Das wild V\u00f6gelein<\/li>\n<li>Nachtigallen<\/li>\n<li>Abendstille<\/li>\n<li>Es ist f\u00fcr uns eine Zeit angekommen<\/li>\n<li>Andachtsjodler<\/li>\n<\/ul>\n<p><b>Lieder aus Afrika<\/b><\/p>\n<ul>\n<li>Aweny\u00e9 Nakil\u00e9<\/li>\n<li>Bon ca va<\/li>\n<li>Tiende pa mosi<\/li>\n<li>Jiriba<\/li>\n<li>Mungu Akipenda<\/li>\n<li>Yemaja<\/li>\n<li>Zuena<\/li>\n<li>Ayele Mumuba<\/li>\n<li>Malaika<\/li>\n<li>Noyana<\/li>\n<li>Masithi<\/li>\n<li>Aya Ngena<\/li>\n<li>Freedom is coming<\/li>\n<li>Fatio singalalalo<\/li>\n<li>Hey la shey la<\/li>\n<li>Anambeke<\/li>\n<li>Nema<\/li>\n<li>Freyo de Nu<\/li>\n<li>Ayelevi<\/li>\n<\/ul>\n<p><b>Indianische Lieder<\/b><\/p>\n<ul>\n<li>Ungala<\/li>\n<li>Return, return<\/li>\n<li>Earth my Body<\/li>\n<li>The Earth is our Mother<\/li>\n<li>Mother I feel you under my feet<\/li>\n<li>The infinite Sun<\/li>\n<li>Spirit of the Wind<\/li>\n<li>The river is flowing<\/li>\n<li>Wishi Ta Tuja<\/li>\n<li>Der erste Frieden<\/li>\n<li>Fly like an Eagle<\/li>\n<li>Adlerlied<\/li>\n<li>Cedar Song<\/li>\n<li>Neesa, Neesa<\/li>\n<li>B\u00e4rentanzlied<\/li>\n<li>Travelling-Song<\/li>\n<li>Haralied<\/li>\n<li>Abendlied<\/li>\n<li>Morning Song<\/li>\n<li>Navajo Stone Game<\/li>\n<li>Hey niki niki heyana<\/li>\n<\/ul>\n<p><b>Spirituelle Lieder und Mantren<\/b><\/p>\n<ul>\n<li>Halleluja (Sanyassin)<\/li>\n<li>Dona nobis Pacem<\/li>\n<li>Da Pacem Domine<\/li>\n<li>Toi, tu nous aimes<\/li>\n<li>Veni sancte spiritus<\/li>\n<li>Da Pacem Domine (M. Franck)<\/li>\n<li>Halleluja (J: Pachelbel)<\/li>\n<li>Allah Hu Akbar<\/li>\n<li>Allah Hu (Kanon)<\/li>\n<li>Let the Heaven be reflected<\/li>\n<li>Thy Wish<\/li>\n<li>We all come from the Goddess<\/li>\n<li>Step into the Holy Fire<\/li>\n<li>You can\u2019t kill the Spirit<\/li>\n<li>For each child that\u2019s born<\/li>\n<li>Jeder Teil dieser Erde<\/li>\n<li>Lied f\u00fcr die Erde<\/li>\n<li>Shalom<\/li>\n<li>Hineh Matov<\/li>\n<li>Thank you for this Day<\/li>\n<li>Raingow Circle<\/li>\n<li>Om Namaha Shivay<\/li>\n<li>Om Namaha Shivay 2<\/li>\n<li>Jamna ki jai jai<\/li>\n<li>Gopala<\/li>\n<li>Ya Devi Sarva Bhuteshu<\/li>\n<li>Jaya Jaya Devi Mater<\/li>\n<li>Hari Om<\/li>\n<li>Om Eim Hreem Kleem<\/li>\n<li>Raghupati Raghava<\/li>\n<li>Om Ham Hanumate Namaha<\/li>\n<li>Om Asatoma Sadgamaya<\/li>\n<li>Radha Soami Deva Devi<\/li>\n<li>Om Shanti Om<\/li>\n<\/ul>\n<h3>Alphabetisches Gesamtverzeichnis<\/h3>\n<p><a href=\"https:\/\/butiko.come-together-songs.de\/wp-content\/uploads\/2022\/11\/CTS_Gesamtinhalt_I-IV.pdf\" target=\"_blank\" rel=\"noopener\">Alphabetisches Gesamtverzeichnis der Liederb\u00fccher Band I, II,\u00a0III und IV als PDF-Download\u00a0 \u2193<\/a><\/p>\n","protected":false},"excerpt":{"rendered":"<h3>Liederbuch Band I<\/h3>\n<p>Der liebevoll gestaltete und mit sch\u00f6nen Zeichnungen geschm\u00fcckte erste Band aus meiner Liederbuchreihe ist eine gro\u00dfe Fundgrube f\u00fcr alle, die gerne singen. Im weiteren enth\u00e4lt das Buch sch\u00f6ne Texte, Geschichten und Gedichte zur Heilkraft der Musik und des Singens, Hinweise zum Singen mit Gruppen sowie eine Grifftabelle f\u00fcr Gitarre. Alle Lieder mit Noten, Akkordsymbolen f\u00fcr Gitarre u.a., \u00dcbersetzungen und Erl\u00e4uterungen.<\/p>\n","protected":false},"featured_media":93,"template":"","meta":[],"product_brand":[],"product_cat":[83],"product_tag":[],"class_list":{"0":"post-92","1":"product","2":"type-product","3":"status-publish","4":"has-post-thumbnail","6":"product_cat-liederbuch-band-i-musik-cds-i-1-und-i-2","8":"first","9":"instock","10":"taxable","11":"shipping-taxable","12":"purchasable","13":"product-type-simple"},"jetpack_sharing_enabled":true,"_links":{"self":[{"href":"https:\/\/butiko.come-together-songs.de\/de_de\/wp-json\/wp\/v2\/product\/92","targetHints":{"allow":["GET"]}}],"collection":[{"href":"https:\/\/butiko.come-together-songs.de\/de_de\/wp-json\/wp\/v2\/product"}],"about":[{"href":"https:\/\/butiko.come-together-songs.de\/de_de\/wp-json\/wp\/v2\/types\/product"}],"wp:featuredmedia":[{"embeddable":true,"href":"https:\/\/butiko.come-together-songs.de\/de_de\/wp-json\/wp\/v2\/media\/93"}],"wp:attachment":[{"href":"https:\/\/butiko.come-together-songs.de\/de_de\/wp-json\/wp\/v2\/media?parent=92"}],"wp:term":[{"taxonomy":"product_brand","embeddable":true,"href":"https:\/\/butiko.come-together-songs.de\/de_de\/wp-json\/wp\/v2\/product_brand?post=92"},{"taxonomy":"product_cat","embeddable":true,"href":"https:\/\/butiko.come-together-songs.de\/de_de\/wp-json\/wp\/v2\/product_cat?post=92"},{"taxonomy":"product_tag","embeddable":true,"href":"https:\/\/butiko.come-together-songs.de\/de_de\/wp-json\/wp\/v2\/product_tag?post=92"}],"curies":[{"name":"wp","href":"https:\/\/api.w.org\/{rel}","templated":true}]}}