{"id":2864,"date":"2025-11-17T10:08:14","date_gmt":"2025-11-17T09:08:14","guid":{"rendered":"https:\/\/butiko.come-together-songs.de\/?post_type=product&#038;p=2864"},"modified":"2025-12-02T11:44:02","modified_gmt":"2025-12-02T10:44:02","slug":"woechentliches-online-singen-20-okt-22-dez-2026","status":"publish","type":"product","link":"https:\/\/butiko.come-together-songs.de\/de_de\/produkt\/woechentliches-online-singen-20-okt-22-dez-2026\/","title":{"rendered":"W\u00f6chentliches Online-Singen 20. Okt. &#8211; 22. Dez. 2026"},"content":{"rendered":"<div>\n<h3><strong>W\u00f6chentliches Online-Singen<br \/>\n<\/strong>Spirituelle Lieder und Mantras<\/h3>\n<p>Jeweils Dienstags von 19:00 bis 20:00 Uhr.<\/p>\n<p>Mantras sind klangvolle Melodien mit zum Teil jahrhundertelanger Tradition. Die Melodien sind einfach und wiederholen sich. Der Kopf wird dabei frei, der Verstand kommt zur Ruhe. Der Gesang wird zur Quelle von Kraft und Lebensfreude. Wir singen traditionelle Mantras und spirituelle Lieder aus verschiedenen Kulturen, buddhistisch und hinduistische Mantras, Lieder der Sufis, j\u00fcdische Niguns u.a. f\u00fcr Mitgef\u00fchl, Schutz, sch\u00f6pferische Lebensenergie und Liebe.<\/p>\n<p>Eine Stunde Zeit, um einzutauchen, alleine oder mit deinen Freund*innen. Im Anschluss kannst die Lieder mit den Aufzeichnungen so oft du willst wiederholen, 2. Stimmen ein\u00fcben.<\/p>\n<h4><strong>Material, was ich dir zu Verf\u00fcgung stelle:<\/strong><\/h4>\n<ul>\n<li><strong>mp3 Aufnahmen<\/strong> von allen Liedern des Online-Kurses (auch wenn du zu einem Termin mal nicht dabei sein kannst)<\/li>\n<li><strong>Textvorlagen<\/strong> im A4-Querformat in optimaler Lesbarkeit f\u00fcr deine Mits\u00e4nger*innen oder dich zum Aufstellen f\u00fcr Lieder der jeweiligen B\u00fccher, mit den (Kapo-) Akkorden f\u00fcr Gitarre und den klingenden Akkorden f\u00fcr Klavier zu allen Liedern.<\/li>\n<li><strong>Videomitschnitt<\/strong> wirksamer Atem- und Stimm\u00fcbungen f\u00fcr dichund deinen Singkreis.<\/li>\n<\/ul>\n<p style=\"text-align: center;\"><strong>Wir treffen uns per ZOOM dienstags um 19 Uhr f\u00fcr eine Stunde.<\/strong><br \/>\n<strong>10 Termine:\u00a0<\/strong><\/p>\n<\/div>\n<hr \/>\n<p><strong>Kursbeitrag:<\/strong>\u00a0100,-\u20ac<br \/>\nEinzeltermine sind leider nicht m\u00f6glich. Frage gerne nach Erm\u00e4\u00dfigung!<\/p>\n<p><strong>Verwendungszweck:<\/strong>\u00a0Onlinesingen Okt.-Dez. 2026<\/p>\n<p>In der Woche vor Beginn schicke ich dir den Zugangslink und alle weiteren Infos.\u00a0<strong>Der Link ist f\u00fcr alle Abende derselbe.<\/strong><\/p>\n<p>Mit diesem Link f\u00fcr den Kurs schalte dich bitte ca. 5 \u2013 10 Minuten vor Kursbeginn dazu, damit die Technik rechtzeitig steht.<\/p>\n<hr \/>\n<p>&nbsp;<\/p>\n","protected":false},"excerpt":{"rendered":"<div>Nach der gro\u00dfen Resonanz auf die letzten Kurse gibt es wieder das &#8222;W\u00f6chentliches Online-Singen&#8220;.<br \/>\nAlle Einnahmen aus dem Kurs dienen dem Bau des Gemeinschaftshauses der ZEGG-Gemeinschaft.<\/div>\n","protected":false},"featured_media":1117,"template":"","meta":[],"product_brand":[],"product_cat":[164,166],"product_tag":[],"class_list":{"0":"post-2864","1":"product","2":"type-product","3":"status-publish","4":"has-post-thumbnail","6":"product_cat-workshops","7":"product_cat-online-angebote","9":"first","10":"instock","11":"sold-individually","12":"taxable","13":"shipping-taxable","14":"purchasable","15":"product-type-variable"},"jetpack_sharing_enabled":true,"_links":{"self":[{"href":"https:\/\/butiko.come-together-songs.de\/de_de\/wp-json\/wp\/v2\/product\/2864","targetHints":{"allow":["GET"]}}],"collection":[{"href":"https:\/\/butiko.come-together-songs.de\/de_de\/wp-json\/wp\/v2\/product"}],"about":[{"href":"https:\/\/butiko.come-together-songs.de\/de_de\/wp-json\/wp\/v2\/types\/product"}],"wp:featuredmedia":[{"embeddable":true,"href":"https:\/\/butiko.come-together-songs.de\/de_de\/wp-json\/wp\/v2\/media\/1117"}],"wp:attachment":[{"href":"https:\/\/butiko.come-together-songs.de\/de_de\/wp-json\/wp\/v2\/media?parent=2864"}],"wp:term":[{"taxonomy":"product_brand","embeddable":true,"href":"https:\/\/butiko.come-together-songs.de\/de_de\/wp-json\/wp\/v2\/product_brand?post=2864"},{"taxonomy":"product_cat","embeddable":true,"href":"https:\/\/butiko.come-together-songs.de\/de_de\/wp-json\/wp\/v2\/product_cat?post=2864"},{"taxonomy":"product_tag","embeddable":true,"href":"https:\/\/butiko.come-together-songs.de\/de_de\/wp-json\/wp\/v2\/product_tag?post=2864"}],"curies":[{"name":"wp","href":"https:\/\/api.w.org\/{rel}","templated":true}]}}