{"id":136,"date":"2022-10-16T13:48:28","date_gmt":"2022-10-16T11:48:28","guid":{"rendered":"https:\/\/butiko.come-together-songs.de\/?post_type=product&#038;p=136"},"modified":"2024-12-31T16:34:50","modified_gmt":"2024-12-31T15:34:50","slug":"liederbuch-band-iv","status":"publish","type":"product","link":"https:\/\/butiko.come-together-songs.de\/de_de\/produkt\/liederbuch-band-iv\/","title":{"rendered":"Liederbuch Band IV"},"content":{"rendered":"<p>1. Auflage 2021<br \/>\n176 Seiten<br \/>\nFormat A5<br \/>\npraktische Spiralbindung<br \/>\nISBN 978-3-89060-803-7<\/p>\n<h3>Liederbuch IV. Vorwort<\/h3>\n<p>Musik ist die universelle Sprache der Menschen, die jeder verstehen kann.<br \/>\nMusik ist die Sprache der Herzen. In dieser herausfordernden Zeit brauchen wir Lieder, die Mut machen, sich f\u00fcr das Leben einzusetzen. Lieder f\u00fcr Toleranz und Weltoffenheit, f\u00fcr ein erdvertr\u00e4gliches Leben, f\u00fcr tiefen Kontakt und Vertrauen unter Menschen, f\u00fcr Frieden und soziale Gerechtigkeit, Dankbarkeit f\u00fcr das Leben und Verst\u00e4ndigung.<\/p>\n<p>&#8222;Schon ein ganz kleines Lied kann viel Dunkel erhellen.&#8220; (Franz von Assisi)<\/p>\n<p>Gesang, Heilung und Mystik geh\u00f6ren in allen gro\u00dfen Kulturen zusammen. Man sp\u00fcrt die Kraft, die frei wird, wenn viele Stimmen einen einzigen Klangk\u00f6rper bilden. Der Gesang entwickelt sich zu einem weiten Klangraum, der in die Stille f\u00fchrt, k\u00f6rperlich, seelisch und geistig. Durch das Singen n\u00e4hren wir unsere Herzkraft und bringen Schwingungen in die Welt, die heilsam wirken k\u00f6nnen \u2013 auch \u00fcber Entfernungen hinweg. Singen ist emotionale Kommunikation, und da sie unabh\u00e4ngig von Sprache funktioniert, kommt ihr eine bedeutende v\u00f6lkerverbindende Kraft zu.<\/p>\n<p>Frei zu singen birgt ein wichtiges soziales und gesundheitsf\u00f6rderndes Potenzial in sich: Es beeinflusst die \u201eChemie\u201c unseres Gehirns und damit unsere Emotionen. Singen baut Stresshormone ab und sch\u00fcttet Gl\u00fcckshormone aus. Es vertieft die Atmung, bewirkt eine bessere Sauerstoffversorgung des K\u00f6rpers und st\u00e4rkt das Immunsystem durch die vermehrte Produktion von Immunglobulin A. Das Gehirn braucht immer wieder Regenerationsphasen, wo es \u201ealles vergessen darf\u201c, wie in Trancezust\u00e4nden beim Singen, Tanzen oder Meditieren.<\/p>\n<p>Auf folgenden Homepages findest du weitere wertvolle Inspirationen: Beim Schweizer Netzwerk \u201eStimmVolk\u201c, einem kreativen Sing- und Friedensprojekt mit einer gro\u00dfen Sammlung intern. Lieder, beim Verein \u201eil-canto-del-mondo\u201c, einem internationalen Netzwerk zur F\u00f6rderung der Alltagskulturen des Singens und beim \u201eSingende Krankenh\u00e4user e.V.\u201c<br \/>\nAuf meiner Homepage findest du eine Liste mit \u00fcber 200 Singkreisen, nach Regionen sortiert. Das j\u00e4hrliche Come Together Songfestival in Bad Belzig ist seit 2008 das gro\u00dfe Vernetzungstreffen f\u00fcr heilendes Singen.<\/p>\n<p>Vielleicht treffen wir uns einmal<\/p>\n<p>Bad Belzig im April 2021<br \/>\nHagara Feinbier<\/p>\n<h3>Die Lieder<\/h3>\n<p><strong>Lieder aus aller Welt<\/strong><\/p>\n<p><em>Auf Deutsch<\/em><\/p>\n<ul>\n<li>Sei du mir willkommen<\/li>\n<li>Schon, dich zu sehen<\/li>\n<li>Ich umarme dich<\/li>\n<li>Roter Mond<\/li>\n<li>Abends treten Elche &#8230;<\/li>\n<li>Kiefern im Wind<\/li>\n<li>Jo weil I di mog<\/li>\n<li>Alperer<\/li>\n<li>Kranichlied<\/li>\n<li>Im gro\u00dfen Kreis des Lebens<\/li>\n<li>Jahreszeiten-Kanon<\/li>\n<li>Jahreskreis<\/li>\n<li>Aufbruch<\/li>\n<li>Friedenslied<\/li>\n<li>Strecke dich aus<\/li>\n<li>Wir sind verbunden<\/li>\n<li>H\u00fcter*in des Gartens<\/li>\n<li>So wie ein Baum<\/li>\n<li>Ich bin<\/li>\n<li>Ich nehme mir die Zeit<\/li>\n<li>Steh wo du stehst<\/li>\n<li>So wie es ist, nehm ich es an<\/li>\n<li>Vertrau dem Fluss<\/li>\n<li>Bin geborgen<\/li>\n<li>Visionslied<\/li>\n<li>Der Atem frei<\/li>\n<li>Sch\u00f6nheit<\/li>\n<li>Tief in deinem Herzen<\/li>\n<li>Es ist hier<\/li>\n<li>Lausche<\/li>\n<li>Stille<\/li>\n<li>Ich kann meinem Leben<\/li>\n<li>Danke f\u00fcr mein Leben<\/li>\n<li>Dort oben werden wir gehen<\/li>\n<li>Wesen der Erde<\/li>\n<li>Ho\u2019oponopono<\/li>\n<li>M\u00f6ge Heilung geschehen<\/li>\n<li>Wieder weich, zart und lebendig<\/li>\n<li>Licht, Liebe und Kraft<\/li>\n<li>Du bist gesegnet<\/li>\n<\/ul>\n<p><em>In Englisch<\/em><\/p>\n<ul>\n<li>Be still and know<\/li>\n<li>We are all the leaves<\/li>\n<li>Deep Peace<\/li>\n<li>Above and below<\/li>\n<li>Blessed we are<\/li>\n<li>Prayer of the Mothers<\/li>\n<li>Circle of Women<\/li>\n<li>Pacha Mama<\/li>\n<li>Hold me<\/li>\n<li>Together we will rise<\/li>\n<li>We are opening up<\/li>\n<li>In the Light<\/li>\n<li>Freedom<\/li>\n<li>I Step into the flow<\/li>\n<li>Listen to the Futures Call<\/li>\n<li>I\u2019m gonna rise up singing<\/li>\n<li>Heaven in my heart<\/li>\n<li>Up above my head<\/li>\n<li>Congratulation<\/li>\n<li>Light Shines on Me<\/li>\n<li>What makes you happy<\/li>\n<li>Brothers and Sisters<\/li>\n<li>Mother Earthship<\/li>\n<li>Harmony with Mother Earth<\/li>\n<li>Walking on Sacred Ground<\/li>\n<li>This Land is All<\/li>\n<li>Another World<\/li>\n<li>God\u2019s Counting on Me<\/li>\n<li>Never Doubt<\/li>\n<li>Serenity Prayer<\/li>\n<\/ul>\n<p><em>International<\/em><\/p>\n<ul>\n<li>Agradeco<\/li>\n<li>Cuatro Vientos<\/li>\n<li>L\u2019Alouette<\/li>\n<li>Alli lai loi<\/li>\n<li>Licht kommt wieder<\/li>\n<li>Sommaren \u00e4r ljuvlig<\/li>\n<li>Livet e en g?ta<\/li>\n<li>Idai na kamisama<\/li>\n<li>Elderberry Song<\/li>\n<li>Iavnana<\/li>\n<li>Nanila<\/li>\n<li>Oi Leli Lado<\/li>\n<\/ul>\n<p><em>Balkan- und Romalieder<\/em><\/p>\n<ul>\n<li>Jovano, Jovanke<\/li>\n<li>Okolo<\/li>\n<li>Polegala<\/li>\n<li>Dilmano Dilbero<\/li>\n<li>Sadila Moma<\/li>\n<li>Sukar jakha<\/li>\n<li>Joy Mamo<\/li>\n<li>Andro Verdan<\/li>\n<li>Maori \/ Hawai\u2018i<\/li>\n<li>He Kehau<\/li>\n<li>Ho Ike Mai ke Aloha<\/li>\n<li>Nga Iwi E<\/li>\n<li>Te Aroha<\/li>\n<\/ul>\n<p><em>Lieder vom afrikanischen Kontinent<\/em><\/p>\n<ul>\n<li>Nanuma<\/li>\n<li>Mfumue<\/li>\n<li>Bele Mama<\/li>\n<li>Ile gbo-gbo<\/li>\n<li>Gung gunga reya<\/li>\n<li>Sin nje nje nje<\/li>\n<li>Singoba nge<\/li>\n<li>Somagwasa<\/li>\n<li>Tieo<\/li>\n<li>Bobo Male<\/li>\n<li>Amani leo<\/li>\n<li>Kothbiro<\/li>\n<\/ul>\n<p><em>Native American<\/em><\/p>\n<ul>\n<li>Nina Uno Wayra P.<\/li>\n<li>He Yama Yo<\/li>\n<li>Aguila<\/li>\n<li>Nadscho<\/li>\n<li>Yana<\/li>\n<li>We Walk Beauty Way<\/li>\n<li>May I Walk in Beauty<\/li>\n<li>Wa Taho Taho!<\/li>\n<li>Water Song<\/li>\n<\/ul>\n<p><strong>Spirituelle Lieder und Mantras<\/strong><\/p>\n<p><em>Christliche Lieder<\/em><\/p>\n<ul>\n<li>O Signore<\/li>\n<li>The Beloved<\/li>\n<li>Ave Maria<\/li>\n<li>Hali-Mariam<\/li>\n<li>Calma e tranquilidade<\/li>\n<li>Don\u2019t be afraid<\/li>\n<li>De Noche<\/li>\n<li>Misericordias Domini<\/li>\n<li>Nada te turbe<\/li>\n<\/ul>\n<p><em>J\u00fcdische Lieder<\/em><\/p>\n<ul>\n<li>Adonai, s\u2018fatai tiftach<\/li>\n<li>Od Yawo\u2018 shalom<\/li>\n<li>Shalom Aleichem<\/li>\n<li>Shalom<\/li>\n<li>Hashivenu<\/li>\n<li>Ve\u2018ahavta<\/li>\n<li>Ruach<\/li>\n<li>Sham etayn<\/li>\n<\/ul>\n<p>Lieder der Sufi<\/p>\n<ul>\n<li>Komm, komm&#8230;<\/li>\n<li>Allah Huma<\/li>\n<li>Working Man\u2018s Zikr<\/li>\n<li>Steady on the Path<\/li>\n<li>In dem Garten&#8230;<\/li>\n<li>Out Beyond Ideas<\/li>\n<li>Sikh Mantras:<\/li>\n<li>Mul Mantra (Aad Such)<\/li>\n<li>Kaal Akaal<\/li>\n<li>Sa Re Sa Sa<\/li>\n<li>Ardas Bahee<\/li>\n<\/ul>\n<p><em>Hinduistische Mantras<\/em><\/p>\n<ul>\n<li>Namast\u00e9<\/li>\n<li>Om Shri Sai Prema<\/li>\n<li>Pratipaksha Bhavanam<\/li>\n<li>Om Narbhavie<\/li>\n<li>Om Shanti Om<\/li>\n<li>Sarasvati Bija Mantra<\/li>\n<li>You have taken Place<\/li>\n<li>Amba, Amba<\/li>\n<li>Ma Durga<\/li>\n<li>Kali Durge<\/li>\n<li>Durge Durge Ma<\/li>\n<li>Gro\u00dfe Mutter<\/li>\n<li>Om Sri Maha Lakshmi<\/li>\n<li>Ganesha Sharanam<\/li>\n<li>Radhe Govinda Bolo<\/li>\n<li>Hari Om<\/li>\n<li>Nataraja<\/li>\n<li>Shri Ram Jay Ram (1)<\/li>\n<li>Shri Ram Jay Ram (2)<\/li>\n<li>Sita Ram<\/li>\n<li>Moola Mantra<\/li>\n<li>Tat Tvam Asi<\/li>\n<li>Prajnanam Brahma<\/li>\n<\/ul>\n<p><i>Buddhistische\u00a0Mantras<\/i><\/p>\n<ul>\n<li>Om Mani Padme Hum<\/li>\n<li>Lokah Samasta<\/li>\n<li>Manjushri-Mantra<\/li>\n<li>Om Muni Muni Maha<\/li>\n<li>Guan Yin Bosai<\/li>\n<li>Peaceful Steps<\/li>\n<\/ul>\n<h3>Alphabetisches Gesamtverzeichnis<\/h3>\n<p><a href=\"https:\/\/butiko.come-together-songs.de\/wp-content\/uploads\/2022\/11\/CTS_Gesamtinhalt_I-IV.pdf\" target=\"_blank\" rel=\"noopener\">Alphabetisches Gesamtverzeichnis der Liederb\u00fccher Band I, II,\u00a0III und IV als PDF-Download\u00a0 \u2193<\/a><\/p>\n","protected":false},"excerpt":{"rendered":"<p>171 Kraft- und Heilungslieder von deutschen und internationalen Liedermacher*innen sowie Chants und Mantras aus vielen verschiedenen Kulturen. Alle Lieder mit Gitarrengriffen f\u00fcr Gitarre, daher nicht nur leicht zu singen, sondern auch leicht zu begleiten. Hinweise zu Herkunft und Bedeutung der St\u00fccke, und einige sind mit Anleitungen f\u00fcr Tanz und Bewegung versehen. Kurzen philosophische Texte und Gedichte, die sich in einer Singrunde vorlesen lassen, erg\u00e4nzen die Sammlung. Liebevolle grafische Gestaltung.<\/p>\n","protected":false},"featured_media":116,"template":"","meta":[],"product_brand":[],"product_cat":[86],"product_tag":[],"class_list":{"0":"post-136","1":"product","2":"type-product","3":"status-publish","4":"has-post-thumbnail","6":"product_cat-liederbuch-band-iv","8":"first","9":"instock","10":"taxable","11":"shipping-taxable","12":"purchasable","13":"product-type-simple"},"jetpack_sharing_enabled":true,"_links":{"self":[{"href":"https:\/\/butiko.come-together-songs.de\/de_de\/wp-json\/wp\/v2\/product\/136","targetHints":{"allow":["GET"]}}],"collection":[{"href":"https:\/\/butiko.come-together-songs.de\/de_de\/wp-json\/wp\/v2\/product"}],"about":[{"href":"https:\/\/butiko.come-together-songs.de\/de_de\/wp-json\/wp\/v2\/types\/product"}],"wp:featuredmedia":[{"embeddable":true,"href":"https:\/\/butiko.come-together-songs.de\/de_de\/wp-json\/wp\/v2\/media\/116"}],"wp:attachment":[{"href":"https:\/\/butiko.come-together-songs.de\/de_de\/wp-json\/wp\/v2\/media?parent=136"}],"wp:term":[{"taxonomy":"product_brand","embeddable":true,"href":"https:\/\/butiko.come-together-songs.de\/de_de\/wp-json\/wp\/v2\/product_brand?post=136"},{"taxonomy":"product_cat","embeddable":true,"href":"https:\/\/butiko.come-together-songs.de\/de_de\/wp-json\/wp\/v2\/product_cat?post=136"},{"taxonomy":"product_tag","embeddable":true,"href":"https:\/\/butiko.come-together-songs.de\/de_de\/wp-json\/wp\/v2\/product_tag?post=136"}],"curies":[{"name":"wp","href":"https:\/\/api.w.org\/{rel}","templated":true}]}}