{"id":133,"date":"2022-10-16T13:40:14","date_gmt":"2022-10-16T11:40:14","guid":{"rendered":"https:\/\/butiko.come-together-songs.de\/?post_type=product&#038;p=133"},"modified":"2026-01-01T08:48:28","modified_gmt":"2026-01-01T07:48:28","slug":"musik-cd-iii-2","status":"publish","type":"product","link":"https:\/\/butiko.come-together-songs.de\/de_de\/produkt\/musik-cd-iii-2\/","title":{"rendered":"Musik CD III-2"},"content":{"rendered":"<p><a name=\"inhalt\"><\/a>Hagara Feinbier: Gesang, Gitarre, Roland Ficht: Mandola, Gitarre Thomas Ritthoff: Percussion, Bass, Parageet Kircher: Saxophon, Hartwig H\u00f6ne: Gitarre und weitere S\u00e4ngerinnen und S\u00e4nger<\/p>\n<h3>Inhalt und H\u00f6rbeispiele<\/h3>\n<h4>Afrika:<\/h4>\n<p><a href=\"https:\/\/butiko.come-together-songs.de\/hoerproben-musik-cd-iii-1-haye-hame\/#Anker\"><img data-recalc-dims=\"1\" loading=\"lazy\" decoding=\"async\" class=\"alignleft size-trp-custom-language-flag wp-image-911\" src=\"https:\/\/i0.wp.com\/butiko.come-together-songs.de\/wp-content\/uploads\/2022\/10\/speaker.png?resize=14%2C12&#038;ssl=1\" alt=\"\" width=\"14\" height=\"12\" srcset=\"https:\/\/i0.wp.com\/butiko.come-together-songs.de\/wp-content\/uploads\/2022\/10\/speaker.png?resize=14%2C12&amp;ssl=1 14w, https:\/\/i0.wp.com\/butiko.come-together-songs.de\/wp-content\/uploads\/2022\/10\/speaker.png?w=297&amp;ssl=1 297w\" sizes=\"auto, (max-width: 14px) 100vw, 14px\" \/>Hay\u00e9 Ham\u00e9<\/a><br \/>\n<a href=\"https:\/\/butiko.come-together-songs.de\/hoerproben-musik-cd-iii-1-eh-sunu-maye\/#Anker\"><img data-recalc-dims=\"1\" loading=\"lazy\" decoding=\"async\" class=\"alignleft size-trp-custom-language-flag wp-image-911\" src=\"https:\/\/i0.wp.com\/butiko.come-together-songs.de\/wp-content\/uploads\/2022\/10\/speaker.png?resize=14%2C12&#038;ssl=1\" alt=\"\" width=\"14\" height=\"12\" srcset=\"https:\/\/i0.wp.com\/butiko.come-together-songs.de\/wp-content\/uploads\/2022\/10\/speaker.png?resize=14%2C12&amp;ssl=1 14w, https:\/\/i0.wp.com\/butiko.come-together-songs.de\/wp-content\/uploads\/2022\/10\/speaker.png?w=297&amp;ssl=1 297w\" sizes=\"auto, (max-width: 14px) 100vw, 14px\" \/>Eh Sunu Maye<\/a><br \/>\n<a href=\"https:\/\/butiko.come-together-songs.de\/hoerproben-musik-cd-iii-1-yanfoila\/#Anker\"><img data-recalc-dims=\"1\" loading=\"lazy\" decoding=\"async\" class=\"alignleft size-trp-custom-language-flag wp-image-911\" src=\"https:\/\/i0.wp.com\/butiko.come-together-songs.de\/wp-content\/uploads\/2022\/10\/speaker.png?resize=14%2C12&#038;ssl=1\" alt=\"\" width=\"14\" height=\"12\" srcset=\"https:\/\/i0.wp.com\/butiko.come-together-songs.de\/wp-content\/uploads\/2022\/10\/speaker.png?resize=14%2C12&amp;ssl=1 14w, https:\/\/i0.wp.com\/butiko.come-together-songs.de\/wp-content\/uploads\/2022\/10\/speaker.png?w=297&amp;ssl=1 297w\" sizes=\"auto, (max-width: 14px) 100vw, 14px\" \/>Yanfoila<\/a><br \/>\n<a href=\"https:\/\/butiko.come-together-songs.de\/hoerproben-musik-cd-iii-1-haylobam\/#Anker\"><img data-recalc-dims=\"1\" loading=\"lazy\" decoding=\"async\" class=\"alignleft size-trp-custom-language-flag wp-image-911\" src=\"https:\/\/i0.wp.com\/butiko.come-together-songs.de\/wp-content\/uploads\/2022\/10\/speaker.png?resize=14%2C12&#038;ssl=1\" alt=\"\" width=\"14\" height=\"12\" srcset=\"https:\/\/i0.wp.com\/butiko.come-together-songs.de\/wp-content\/uploads\/2022\/10\/speaker.png?resize=14%2C12&amp;ssl=1 14w, https:\/\/i0.wp.com\/butiko.come-together-songs.de\/wp-content\/uploads\/2022\/10\/speaker.png?w=297&amp;ssl=1 297w\" sizes=\"auto, (max-width: 14px) 100vw, 14px\" \/>Haylobam<\/a><br \/>\n<img data-recalc-dims=\"1\" loading=\"lazy\" decoding=\"async\" class=\"alignleft size-trp-custom-language-flag wp-image-911\" src=\"https:\/\/i0.wp.com\/butiko.come-together-songs.de\/wp-content\/uploads\/2022\/10\/speaker.png?resize=14%2C12&#038;ssl=1\" alt=\"\" width=\"14\" height=\"12\" srcset=\"https:\/\/i0.wp.com\/butiko.come-together-songs.de\/wp-content\/uploads\/2022\/10\/speaker.png?resize=14%2C12&amp;ssl=1 14w, https:\/\/i0.wp.com\/butiko.come-together-songs.de\/wp-content\/uploads\/2022\/10\/speaker.png?w=297&amp;ssl=1 297w\" sizes=\"auto, (max-width: 14px) 100vw, 14px\" \/><a href=\"https:\/\/butiko.come-together-songs.de\/hoerproben-musik-cd-iii-2-doedoe\/#Anker\">Doedoe<\/a><\/p>\n<h4>Indianisch:<\/h4>\n<p><a href=\"https:\/\/butiko.come-together-songs.de\/hoerproben-musik-cd-iii-2-into-the-silence-of-the-night\/#Anker\"><img data-recalc-dims=\"1\" loading=\"lazy\" decoding=\"async\" class=\"alignleft size-trp-custom-language-flag wp-image-911\" src=\"https:\/\/i0.wp.com\/butiko.come-together-songs.de\/wp-content\/uploads\/2022\/10\/speaker.png?resize=14%2C12&#038;ssl=1\" alt=\"\" width=\"14\" height=\"12\" srcset=\"https:\/\/i0.wp.com\/butiko.come-together-songs.de\/wp-content\/uploads\/2022\/10\/speaker.png?resize=14%2C12&amp;ssl=1 14w, https:\/\/i0.wp.com\/butiko.come-together-songs.de\/wp-content\/uploads\/2022\/10\/speaker.png?w=297&amp;ssl=1 297w\" sizes=\"auto, (max-width: 14px) 100vw, 14px\" \/>Into the Silence of the Night<\/a><br \/>\n<a href=\"https:\/\/butiko.come-together-songs.de\/hoerproben-musik-cd-iii-2-akteshna\/#Anker\"><img data-recalc-dims=\"1\" loading=\"lazy\" decoding=\"async\" class=\"alignleft size-trp-custom-language-flag wp-image-911\" src=\"https:\/\/i0.wp.com\/butiko.come-together-songs.de\/wp-content\/uploads\/2022\/10\/speaker.png?resize=14%2C12&#038;ssl=1\" alt=\"\" width=\"14\" height=\"12\" srcset=\"https:\/\/i0.wp.com\/butiko.come-together-songs.de\/wp-content\/uploads\/2022\/10\/speaker.png?resize=14%2C12&amp;ssl=1 14w, https:\/\/i0.wp.com\/butiko.come-together-songs.de\/wp-content\/uploads\/2022\/10\/speaker.png?w=297&amp;ssl=1 297w\" sizes=\"auto, (max-width: 14px) 100vw, 14px\" \/>Akteshna<\/a><br \/>\n<a href=\"https:\/\/butiko.come-together-songs.de\/hoerproben-musik-cd-iii-2-yaweho\/#Anker\"><img data-recalc-dims=\"1\" loading=\"lazy\" decoding=\"async\" class=\"alignleft size-trp-custom-language-flag wp-image-911\" src=\"https:\/\/i0.wp.com\/butiko.come-together-songs.de\/wp-content\/uploads\/2022\/10\/speaker.png?resize=14%2C12&#038;ssl=1\" alt=\"\" width=\"14\" height=\"12\" srcset=\"https:\/\/i0.wp.com\/butiko.come-together-songs.de\/wp-content\/uploads\/2022\/10\/speaker.png?resize=14%2C12&amp;ssl=1 14w, https:\/\/i0.wp.com\/butiko.come-together-songs.de\/wp-content\/uploads\/2022\/10\/speaker.png?w=297&amp;ssl=1 297w\" sizes=\"auto, (max-width: 14px) 100vw, 14px\" \/>Yaweho<\/a><br \/>\n<a href=\"https:\/\/butiko.come-together-songs.de\/hoerproben-musik-cd-iii-2-anikuni\/#Anker\"><img data-recalc-dims=\"1\" loading=\"lazy\" decoding=\"async\" class=\"alignleft size-trp-custom-language-flag wp-image-911\" src=\"https:\/\/i0.wp.com\/butiko.come-together-songs.de\/wp-content\/uploads\/2022\/10\/speaker.png?resize=14%2C12&#038;ssl=1\" alt=\"\" width=\"14\" height=\"12\" srcset=\"https:\/\/i0.wp.com\/butiko.come-together-songs.de\/wp-content\/uploads\/2022\/10\/speaker.png?resize=14%2C12&amp;ssl=1 14w, https:\/\/i0.wp.com\/butiko.come-together-songs.de\/wp-content\/uploads\/2022\/10\/speaker.png?w=297&amp;ssl=1 297w\" sizes=\"auto, (max-width: 14px) 100vw, 14px\" \/>Anikuni<\/a><br \/>\n<a href=\"https:\/\/butiko.come-together-songs.de\/hoerproben-musik-cd-iii-2-may-the-great-spirit\/#Anker\"><img data-recalc-dims=\"1\" loading=\"lazy\" decoding=\"async\" class=\"alignleft size-trp-custom-language-flag wp-image-911\" src=\"https:\/\/i0.wp.com\/butiko.come-together-songs.de\/wp-content\/uploads\/2022\/10\/speaker.png?resize=14%2C12&#038;ssl=1\" alt=\"\" width=\"14\" height=\"12\" srcset=\"https:\/\/i0.wp.com\/butiko.come-together-songs.de\/wp-content\/uploads\/2022\/10\/speaker.png?resize=14%2C12&amp;ssl=1 14w, https:\/\/i0.wp.com\/butiko.come-together-songs.de\/wp-content\/uploads\/2022\/10\/speaker.png?w=297&amp;ssl=1 297w\" sizes=\"auto, (max-width: 14px) 100vw, 14px\" \/>May the Great Spirit<\/a><\/p>\n<h4>Sonstige:<\/h4>\n<p><a href=\"https:\/\/butiko.come-together-songs.de\/hoerproben-musik-cd-iii-2-pra-nana\/#Anker\"><img data-recalc-dims=\"1\" loading=\"lazy\" decoding=\"async\" class=\"alignleft size-trp-custom-language-flag wp-image-911\" src=\"https:\/\/i0.wp.com\/butiko.come-together-songs.de\/wp-content\/uploads\/2022\/10\/speaker.png?resize=14%2C12&#038;ssl=1\" alt=\"\" width=\"14\" height=\"12\" srcset=\"https:\/\/i0.wp.com\/butiko.come-together-songs.de\/wp-content\/uploads\/2022\/10\/speaker.png?resize=14%2C12&amp;ssl=1 14w, https:\/\/i0.wp.com\/butiko.come-together-songs.de\/wp-content\/uploads\/2022\/10\/speaker.png?w=297&amp;ssl=1 297w\" sizes=\"auto, (max-width: 14px) 100vw, 14px\" \/>Pra Nana<\/a><br \/>\n<a href=\"https:\/\/butiko.come-together-songs.de\/hoerproben-musik-cd-iii-2-mina-bilu\/#Anker\"><img data-recalc-dims=\"1\" loading=\"lazy\" decoding=\"async\" class=\"alignleft size-trp-custom-language-flag wp-image-911\" src=\"https:\/\/i0.wp.com\/butiko.come-together-songs.de\/wp-content\/uploads\/2022\/10\/speaker.png?resize=14%2C12&#038;ssl=1\" alt=\"\" width=\"14\" height=\"12\" srcset=\"https:\/\/i0.wp.com\/butiko.come-together-songs.de\/wp-content\/uploads\/2022\/10\/speaker.png?resize=14%2C12&amp;ssl=1 14w, https:\/\/i0.wp.com\/butiko.come-together-songs.de\/wp-content\/uploads\/2022\/10\/speaker.png?w=297&amp;ssl=1 297w\" sizes=\"auto, (max-width: 14px) 100vw, 14px\" \/>Mina Bilu<\/a><br \/>\n<a href=\"https:\/\/butiko.come-together-songs.de\/hoerproben-musik-cd-iii-2-may-the-longtime-sun\/#Anker\"><img data-recalc-dims=\"1\" loading=\"lazy\" decoding=\"async\" class=\"alignleft size-trp-custom-language-flag wp-image-911\" src=\"https:\/\/i0.wp.com\/butiko.come-together-songs.de\/wp-content\/uploads\/2022\/10\/speaker.png?resize=14%2C12&#038;ssl=1\" alt=\"\" width=\"14\" height=\"12\" srcset=\"https:\/\/i0.wp.com\/butiko.come-together-songs.de\/wp-content\/uploads\/2022\/10\/speaker.png?resize=14%2C12&amp;ssl=1 14w, https:\/\/i0.wp.com\/butiko.come-together-songs.de\/wp-content\/uploads\/2022\/10\/speaker.png?w=297&amp;ssl=1 297w\" sizes=\"auto, (max-width: 14px) 100vw, 14px\" \/>May the Longtime Sun<\/a><br \/>\n<a href=\"https:\/\/butiko.come-together-songs.de\/hoerproben-musik-cd-iii-2-serenity-prayer\/#Anker\"><img data-recalc-dims=\"1\" loading=\"lazy\" decoding=\"async\" class=\"alignleft size-trp-custom-language-flag wp-image-911\" src=\"https:\/\/i0.wp.com\/butiko.come-together-songs.de\/wp-content\/uploads\/2022\/10\/speaker.png?resize=14%2C12&#038;ssl=1\" alt=\"\" width=\"14\" height=\"12\" srcset=\"https:\/\/i0.wp.com\/butiko.come-together-songs.de\/wp-content\/uploads\/2022\/10\/speaker.png?resize=14%2C12&amp;ssl=1 14w, https:\/\/i0.wp.com\/butiko.come-together-songs.de\/wp-content\/uploads\/2022\/10\/speaker.png?w=297&amp;ssl=1 297w\" sizes=\"auto, (max-width: 14px) 100vw, 14px\" \/>Serenity Prayer<\/a><\/p>\n","protected":false},"excerpt":{"rendered":"<p><strong>Yanfoila<\/strong><br \/>\nzu Liederbuch Band III<\/p>\n<p>14 Lieder von Liebe und Hoffnung, Abschied und Neubeginn aus Afrika, Brasilien und den Natives aus Nord- und S\u00fcdamerika<br \/>\nBooklet mit allen Liedtexten<br \/>\nEAN 4280000058072<\/p>\n<p>Hagara Feinbier, <a href=\"https:\/\/strelablick.de\" target=\"_blank\" rel=\"noopener\">Roland Ficht<\/a>, <a href=\"http:\/\/www.cometodrum.de\/\" target=\"_blank\" rel=\"noopener\">Thomas Ritthoff<\/a><\/p>\n","protected":false},"featured_media":120,"template":"","meta":[],"product_brand":[],"product_cat":[85,168],"product_tag":[],"class_list":{"0":"post-133","1":"product","2":"type-product","3":"status-publish","4":"has-post-thumbnail","6":"product_cat-liederbuch-band-iii-musik-cds-iii-1-und-iii-2","7":"product_cat-musik-cds","9":"first","10":"instock","11":"taxable","12":"shipping-taxable","13":"purchasable","14":"product-type-simple"},"jetpack_sharing_enabled":true,"_links":{"self":[{"href":"https:\/\/butiko.come-together-songs.de\/de_de\/wp-json\/wp\/v2\/product\/133","targetHints":{"allow":["GET"]}}],"collection":[{"href":"https:\/\/butiko.come-together-songs.de\/de_de\/wp-json\/wp\/v2\/product"}],"about":[{"href":"https:\/\/butiko.come-together-songs.de\/de_de\/wp-json\/wp\/v2\/types\/product"}],"wp:featuredmedia":[{"embeddable":true,"href":"https:\/\/butiko.come-together-songs.de\/de_de\/wp-json\/wp\/v2\/media\/120"}],"wp:attachment":[{"href":"https:\/\/butiko.come-together-songs.de\/de_de\/wp-json\/wp\/v2\/media?parent=133"}],"wp:term":[{"taxonomy":"product_brand","embeddable":true,"href":"https:\/\/butiko.come-together-songs.de\/de_de\/wp-json\/wp\/v2\/product_brand?post=133"},{"taxonomy":"product_cat","embeddable":true,"href":"https:\/\/butiko.come-together-songs.de\/de_de\/wp-json\/wp\/v2\/product_cat?post=133"},{"taxonomy":"product_tag","embeddable":true,"href":"https:\/\/butiko.come-together-songs.de\/de_de\/wp-json\/wp\/v2\/product_tag?post=133"}],"curies":[{"name":"wp","href":"https:\/\/api.w.org\/{rel}","templated":true}]}}