{"id":132,"date":"2022-10-16T13:38:07","date_gmt":"2022-10-16T11:38:07","guid":{"rendered":"https:\/\/butiko.come-together-songs.de\/?post_type=product&#038;p=132"},"modified":"2026-01-01T08:48:28","modified_gmt":"2026-01-01T07:48:28","slug":"musik-cd-iii-1","status":"publish","type":"product","link":"https:\/\/butiko.come-together-songs.de\/de_de\/produkt\/musik-cd-iii-1\/","title":{"rendered":"Musik CD III-1"},"content":{"rendered":"<p><a name=\"inhalt\"><\/a>Gemeinsames Singen ist Meditation, Gebet und Kommunikation mit der Sch\u00f6pfung. Die Lieder auf dieser CD kommen aus verschiedenen spirituellen Traditionen, die in den Songs angesprochenen Qualit\u00e4ten sind universell, wie das G\u00f6ttliche selbst.<\/p>\n<p>Die meist kurzen Texte sind Lobges\u00e4nge und wirken wie Affirmationen: Sie bringen in uns eine spezielle Qualit\u00e4t zum Klingen. Im Vordergrund steht das innere Erleben und nicht der \u00e4u\u00dfere Klang. Ihre Kraft entsteht in der Wiederholung. Nichts Neues: Das Gleiche immer vollkommener. Achtsames Lauschen und Klingen Lassen, keine Konzepte, keine Bewertungen. Wenn wir nichts mehr produzieren wollen, sondern geschehen lassen \u2013 es von selbst singen lassen \u2013 \u00f6ffnet sich unser Herz und der Klang bringt uns an den Ort der Stille, den Ort der Liebe zu uns selbst und anderen.<\/p>\n<p><em><strong>Unsere innigste CD!<\/strong><\/em><\/p>\n<h3>Inhalt und H\u00f6rbeispiele<\/h3>\n<p>Jaya Devi Ma<br \/>\n<a href=\"https:\/\/butiko.come-together-songs.de\/hoerproben-musik-cd-ii-2-all-i-ask-of-you\/#Anker\"><img data-recalc-dims=\"1\" loading=\"lazy\" decoding=\"async\" class=\"alignleft size-trp-custom-language-flag wp-image-911\" src=\"https:\/\/i0.wp.com\/butiko.come-together-songs.de\/wp-content\/uploads\/2022\/10\/speaker.png?resize=14%2C12&#038;ssl=1\" alt=\"\" width=\"14\" height=\"12\" srcset=\"https:\/\/i0.wp.com\/butiko.come-together-songs.de\/wp-content\/uploads\/2022\/10\/speaker.png?resize=14%2C12&amp;ssl=1 14w, https:\/\/i0.wp.com\/butiko.come-together-songs.de\/wp-content\/uploads\/2022\/10\/speaker.png?w=297&amp;ssl=1 297w\" sizes=\"auto, (max-width: 14px) 100vw, 14px\" \/>All I Ask of You<\/a><br \/>\nOng Namo Gurudev Namo<br \/>\n<a href=\"https:\/\/butiko.come-together-songs.de\/hoerproben-musik-cd-iii-1-bavanam-kevalam\/#Anker\"><img data-recalc-dims=\"1\" loading=\"lazy\" decoding=\"async\" class=\"alignleft size-trp-custom-language-flag wp-image-911\" src=\"https:\/\/i0.wp.com\/butiko.come-together-songs.de\/wp-content\/uploads\/2022\/10\/speaker.png?resize=14%2C12&#038;ssl=1\" alt=\"\" width=\"14\" height=\"12\" srcset=\"https:\/\/i0.wp.com\/butiko.come-together-songs.de\/wp-content\/uploads\/2022\/10\/speaker.png?resize=14%2C12&amp;ssl=1 14w, https:\/\/i0.wp.com\/butiko.come-together-songs.de\/wp-content\/uploads\/2022\/10\/speaker.png?w=297&amp;ssl=1 297w\" sizes=\"auto, (max-width: 14px) 100vw, 14px\" \/>Bavanam Kevalam<\/a><br \/>\nEo Wahipana La<br \/>\nMaranata<br \/>\n<a href=\"https:\/\/butiko.come-together-songs.de\/hoerproben-musik-cd-iii-1-om-namah-shivaya\/#Anker\"><img data-recalc-dims=\"1\" loading=\"lazy\" decoding=\"async\" class=\"alignleft size-trp-custom-language-flag wp-image-911\" src=\"https:\/\/i0.wp.com\/butiko.come-together-songs.de\/wp-content\/uploads\/2022\/10\/speaker.png?resize=14%2C12&#038;ssl=1\" alt=\"\" width=\"14\" height=\"12\" srcset=\"https:\/\/i0.wp.com\/butiko.come-together-songs.de\/wp-content\/uploads\/2022\/10\/speaker.png?resize=14%2C12&amp;ssl=1 14w, https:\/\/i0.wp.com\/butiko.come-together-songs.de\/wp-content\/uploads\/2022\/10\/speaker.png?w=297&amp;ssl=1 297w\" sizes=\"auto, (max-width: 14px) 100vw, 14px\" \/>Om Namah Shivaya<\/a><br \/>\n<a href=\"https:\/\/butiko.come-together-songs.de\/hoerproben-musik-cd-iii-1-ra-ma-da-sa\/#Anker\"><img data-recalc-dims=\"1\" loading=\"lazy\" decoding=\"async\" class=\"alignleft size-trp-custom-language-flag wp-image-911\" src=\"https:\/\/i0.wp.com\/butiko.come-together-songs.de\/wp-content\/uploads\/2022\/10\/speaker.png?resize=14%2C12&#038;ssl=1\" alt=\"\" width=\"14\" height=\"12\" srcset=\"https:\/\/i0.wp.com\/butiko.come-together-songs.de\/wp-content\/uploads\/2022\/10\/speaker.png?resize=14%2C12&amp;ssl=1 14w, https:\/\/i0.wp.com\/butiko.come-together-songs.de\/wp-content\/uploads\/2022\/10\/speaker.png?w=297&amp;ssl=1 297w\" sizes=\"auto, (max-width: 14px) 100vw, 14px\" \/>Ra Ma Da Sa<\/a><br \/>\nUa Mau<br \/>\n<a href=\"https:\/\/butiko.come-together-songs.de\/hoerproben-musik-cd-iii-1-salaam-mevlana\/#Anker\"><img data-recalc-dims=\"1\" loading=\"lazy\" decoding=\"async\" class=\"alignleft size-trp-custom-language-flag wp-image-911\" src=\"https:\/\/i0.wp.com\/butiko.come-together-songs.de\/wp-content\/uploads\/2022\/10\/speaker.png?resize=14%2C12&#038;ssl=1\" alt=\"\" width=\"14\" height=\"12\" srcset=\"https:\/\/i0.wp.com\/butiko.come-together-songs.de\/wp-content\/uploads\/2022\/10\/speaker.png?resize=14%2C12&amp;ssl=1 14w, https:\/\/i0.wp.com\/butiko.come-together-songs.de\/wp-content\/uploads\/2022\/10\/speaker.png?w=297&amp;ssl=1 297w\" sizes=\"auto, (max-width: 14px) 100vw, 14px\" \/>Salaam Mevlana<\/a><br \/>\nAdonai<br \/>\nIsqh Allah<br \/>\n<a href=\"https:\/\/butiko.come-together-songs.de\/hoerproben-musik-cd-iii-1-om-namoh-ram-ram\/#Anker\"><img data-recalc-dims=\"1\" loading=\"lazy\" decoding=\"async\" class=\"alignleft size-trp-custom-language-flag wp-image-911\" src=\"https:\/\/i0.wp.com\/butiko.come-together-songs.de\/wp-content\/uploads\/2022\/10\/speaker.png?resize=14%2C12&#038;ssl=1\" alt=\"\" width=\"14\" height=\"12\" srcset=\"https:\/\/i0.wp.com\/butiko.come-together-songs.de\/wp-content\/uploads\/2022\/10\/speaker.png?resize=14%2C12&amp;ssl=1 14w, https:\/\/i0.wp.com\/butiko.come-together-songs.de\/wp-content\/uploads\/2022\/10\/speaker.png?w=297&amp;ssl=1 297w\" sizes=\"auto, (max-width: 14px) 100vw, 14px\" \/>Om Namoh-Ram Ram<\/a><br \/>\nOm Kali, Om Mater<br \/>\nFeel the Blessing<br \/>\n<a href=\"https:\/\/butiko.come-together-songs.de\/hoerproben-musik-cd-iii-1-om-namoh-bhagavate\/#Anker\"><img data-recalc-dims=\"1\" loading=\"lazy\" decoding=\"async\" class=\"alignleft size-trp-custom-language-flag wp-image-911\" src=\"https:\/\/i0.wp.com\/butiko.come-together-songs.de\/wp-content\/uploads\/2022\/10\/speaker.png?resize=14%2C12&#038;ssl=1\" alt=\"\" width=\"14\" height=\"12\" srcset=\"https:\/\/i0.wp.com\/butiko.come-together-songs.de\/wp-content\/uploads\/2022\/10\/speaker.png?resize=14%2C12&amp;ssl=1 14w, https:\/\/i0.wp.com\/butiko.come-together-songs.de\/wp-content\/uploads\/2022\/10\/speaker.png?w=297&amp;ssl=1 297w\" sizes=\"auto, (max-width: 14px) 100vw, 14px\" \/>Om Namoh Bhagavate<\/a><\/p>\n","protected":false},"excerpt":{"rendered":"<p><strong>Voices of Unity<\/strong><br \/>\nzu Liederbuch Band III<\/p>\n<p>16 Herzenslieder und Mantras<br \/>\nSpieldauer 76 Minuten<br \/>\nMit ausf\u00fchrlichem Booklet<br \/>\nEAN 4-280000-058027<br \/>\nHagara Feinbier, <a href=\"https:\/\/strelablick.de\" target=\"_blank\" rel=\"noopener\">Roland Ficht<\/a>, <a href=\"http:\/\/www.cometodrum.de\/\" target=\"_blank\" rel=\"noopener\">Thomas Ritthoff<\/a><\/p>\n","protected":false},"featured_media":119,"template":"","meta":[],"product_brand":[],"product_cat":[85,168],"product_tag":[],"class_list":{"0":"post-132","1":"product","2":"type-product","3":"status-publish","4":"has-post-thumbnail","6":"product_cat-liederbuch-band-iii-musik-cds-iii-1-und-iii-2","7":"product_cat-musik-cds","9":"first","10":"instock","11":"taxable","12":"shipping-taxable","13":"purchasable","14":"product-type-simple"},"jetpack_sharing_enabled":true,"_links":{"self":[{"href":"https:\/\/butiko.come-together-songs.de\/de_de\/wp-json\/wp\/v2\/product\/132","targetHints":{"allow":["GET"]}}],"collection":[{"href":"https:\/\/butiko.come-together-songs.de\/de_de\/wp-json\/wp\/v2\/product"}],"about":[{"href":"https:\/\/butiko.come-together-songs.de\/de_de\/wp-json\/wp\/v2\/types\/product"}],"wp:featuredmedia":[{"embeddable":true,"href":"https:\/\/butiko.come-together-songs.de\/de_de\/wp-json\/wp\/v2\/media\/119"}],"wp:attachment":[{"href":"https:\/\/butiko.come-together-songs.de\/de_de\/wp-json\/wp\/v2\/media?parent=132"}],"wp:term":[{"taxonomy":"product_brand","embeddable":true,"href":"https:\/\/butiko.come-together-songs.de\/de_de\/wp-json\/wp\/v2\/product_brand?post=132"},{"taxonomy":"product_cat","embeddable":true,"href":"https:\/\/butiko.come-together-songs.de\/de_de\/wp-json\/wp\/v2\/product_cat?post=132"},{"taxonomy":"product_tag","embeddable":true,"href":"https:\/\/butiko.come-together-songs.de\/de_de\/wp-json\/wp\/v2\/product_tag?post=132"}],"curies":[{"name":"wp","href":"https:\/\/api.w.org\/{rel}","templated":true}]}}