{"id":105,"date":"2022-10-16T10:15:19","date_gmt":"2022-10-16T08:15:19","guid":{"rendered":"https:\/\/butiko.come-together-songs.de\/?post_type=product&#038;p=105"},"modified":"2026-01-01T08:48:28","modified_gmt":"2026-01-01T07:48:28","slug":"musik-cd-i-2","status":"publish","type":"product","link":"https:\/\/butiko.come-together-songs.de\/de_de\/produkt\/musik-cd-i-2\/","title":{"rendered":"Musik CD I-2"},"content":{"rendered":"<p><a name=\"inhalt\"><\/a>Die St\u00fccke auf dieser CD stammen aus den unterschiedlichsten Kulturkreisen. Indianische Lieder, Lieder der Sufi (des mystischen Zweiges des Islam) sowie buddhistische und hinduistische Mantras werden erg\u00e4nzt durch Lieder aus Afrika, Europa und Israel. Die Idee war, unseren eigenen musikalischen Ansatz in Rhythmik und Harmonik mit den verschiedenen Liedern zu verbinden, und so entstand ein lebendiger, vielschichtiger Klangraum, eine musikalische Reise durch die Welt. Die Ges\u00e4nge bestehen wie bei der ersten CD meist nur aus wenigen Worten und einer einfachen Melodie, die eing\u00e4ngig ist und oft wiederholt werden kann. Die Wiederholungen helfen uns zur Ruhe zu kommen, unsere Gef\u00fchle auszudr\u00fccken und uns zu zentrieren.<\/p>\n<h3>Inhalt und H\u00f6rbeispiele CD I-2<\/h3>\n<h4>Aus aller Welt:<\/h4>\n<p>Sosan \u2013 Japan<br \/>\n<a href=\"https:\/\/butiko.come-together-songs.de\/de_de\/hoerproben-musik-cd-i-2-leila\/#Anker\"><img data-recalc-dims=\"1\" loading=\"lazy\" decoding=\"async\" class=\"size-trp-custom-language-flag wp-image-911 alignleft\" src=\"https:\/\/i0.wp.com\/butiko.come-together-songs.de\/wp-content\/uploads\/2022\/10\/speaker.png?resize=14%2C12&#038;ssl=1\" alt=\"\" width=\"14\" height=\"12\" srcset=\"https:\/\/i0.wp.com\/butiko.come-together-songs.de\/wp-content\/uploads\/2022\/10\/speaker.png?resize=14%2C12&amp;ssl=1 14w, https:\/\/i0.wp.com\/butiko.come-together-songs.de\/wp-content\/uploads\/2022\/10\/speaker.png?w=297&amp;ssl=1 297w\" sizes=\"auto, (max-width: 14px) 100vw, 14px\" \/><\/a><a href=\"https:\/\/butiko.come-together-songs.de\/de_de\/hoerproben-musik-cd-i-2-leila\/#Anker\">Laila<\/a> \u2013 Israel<br \/>\nSto mi e milo \u2013 Mazedonien<br \/>\n<a href=\"https:\/\/butiko.come-together-songs.de\/de_de\/horproben-musik-cd-i-2-vem-kann-segla\/#Anker\"><img data-recalc-dims=\"1\" loading=\"lazy\" decoding=\"async\" class=\"size-trp-custom-language-flag wp-image-911 alignleft\" src=\"https:\/\/i0.wp.com\/butiko.come-together-songs.de\/wp-content\/uploads\/2022\/10\/speaker.png?resize=14%2C12&#038;ssl=1\" alt=\"\" width=\"14\" height=\"12\" srcset=\"https:\/\/i0.wp.com\/butiko.come-together-songs.de\/wp-content\/uploads\/2022\/10\/speaker.png?resize=14%2C12&amp;ssl=1 14w, https:\/\/i0.wp.com\/butiko.come-together-songs.de\/wp-content\/uploads\/2022\/10\/speaker.png?w=297&amp;ssl=1 297w\" sizes=\"auto, (max-width: 14px) 100vw, 14px\" \/><\/a><a href=\"https:\/\/butiko.come-together-songs.de\/de_de\/horproben-musik-cd-i-2-vem-kann-segla\/#Anker\">Vem kann segla<\/a> \u2013 Schweden<br \/>\nDrink to Me \u2013 Altenglisch<br \/>\nAbendstille Kanon \u2013 Deutschland<\/p>\n<h4>Afrikanisch:<\/h4>\n<p>Nema \u2013 Tansania<br \/>\n<a href=\"https:\/\/butiko.come-together-songs.de\/de_de\/horproben-musik-cd-i-2-zuena\/#Anker\"><img data-recalc-dims=\"1\" loading=\"lazy\" decoding=\"async\" class=\"size-trp-custom-language-flag wp-image-911 alignleft\" src=\"https:\/\/i0.wp.com\/butiko.come-together-songs.de\/wp-content\/uploads\/2022\/10\/speaker.png?resize=14%2C12&#038;ssl=1\" alt=\"\" width=\"14\" height=\"12\" srcset=\"https:\/\/i0.wp.com\/butiko.come-together-songs.de\/wp-content\/uploads\/2022\/10\/speaker.png?resize=14%2C12&amp;ssl=1 14w, https:\/\/i0.wp.com\/butiko.come-together-songs.de\/wp-content\/uploads\/2022\/10\/speaker.png?w=297&amp;ssl=1 297w\" sizes=\"auto, (max-width: 14px) 100vw, 14px\" \/><\/a><a href=\"https:\/\/butiko.come-together-songs.de\/de_de\/horproben-musik-cd-i-2-zuena\/#Anker\">Zuena<\/a> \u2013 Tansania<br \/>\nMungu Akipenda \u2013 Tansania<\/p>\n<h4>Indianisch:<\/h4>\n<p><a href=\"https:\/\/butiko.come-together-songs.de\/de_de\/horproben-musik-cd-i-2-fly-like-an-eagle\/#Anker\"><img data-recalc-dims=\"1\" loading=\"lazy\" decoding=\"async\" class=\"size-trp-custom-language-flag wp-image-911 alignleft\" src=\"https:\/\/i0.wp.com\/butiko.come-together-songs.de\/wp-content\/uploads\/2022\/10\/speaker.png?resize=14%2C12&#038;ssl=1\" alt=\"\" width=\"14\" height=\"12\" srcset=\"https:\/\/i0.wp.com\/butiko.come-together-songs.de\/wp-content\/uploads\/2022\/10\/speaker.png?resize=14%2C12&amp;ssl=1 14w, https:\/\/i0.wp.com\/butiko.come-together-songs.de\/wp-content\/uploads\/2022\/10\/speaker.png?w=297&amp;ssl=1 297w\" sizes=\"auto, (max-width: 14px) 100vw, 14px\" \/><\/a><a href=\"https:\/\/butiko.come-together-songs.de\/de_de\/horproben-musik-cd-i-2-fly-like-an-eagle\/#Anker\">Fly like an Eagle<\/a><br \/>\nAweya hey<br \/>\nHaralied<br \/>\nMother I feel You<\/p>\n<h4>Spirituelle Lieder:<\/h4>\n<p>Gopala \u2013 Hinduistisch<br \/>\n<a href=\"https:\/\/butiko.come-together-songs.de\/de_de\/hoerproben-musik-cd-i-2-raghupati-raghava\/#Anker\"><img data-recalc-dims=\"1\" loading=\"lazy\" decoding=\"async\" class=\"size-trp-custom-language-flag wp-image-911 alignleft\" src=\"https:\/\/i0.wp.com\/butiko.come-together-songs.de\/wp-content\/uploads\/2022\/10\/speaker.png?resize=14%2C12&#038;ssl=1\" alt=\"\" width=\"14\" height=\"12\" srcset=\"https:\/\/i0.wp.com\/butiko.come-together-songs.de\/wp-content\/uploads\/2022\/10\/speaker.png?resize=14%2C12&amp;ssl=1 14w, https:\/\/i0.wp.com\/butiko.come-together-songs.de\/wp-content\/uploads\/2022\/10\/speaker.png?w=297&amp;ssl=1 297w\" sizes=\"auto, (max-width: 14px) 100vw, 14px\" \/><\/a><a href=\"https:\/\/butiko.come-together-songs.de\/de_de\/hoerproben-musik-cd-i-2-raghupati-raghava\/#Anker\">Raghupati Raghava<\/a> \u2013 Hinduistisch<br \/>\nYa Devi Sarva Bhuteshu \u2013 Hinduistisch<br \/>\nOm Namaha Shivay \u2013 Hinduistisch<br \/>\nWe all come from the Goddess<br \/>\n<a href=\"https:\/\/butiko.come-together-songs.de\/de_de\/hoerproben-musik-cd-i-2-let-the-heaven-be-reflected\/#Anker\"><img data-recalc-dims=\"1\" loading=\"lazy\" decoding=\"async\" class=\"size-trp-custom-language-flag wp-image-911 alignleft\" src=\"https:\/\/i0.wp.com\/butiko.come-together-songs.de\/wp-content\/uploads\/2022\/10\/speaker.png?resize=14%2C12&#038;ssl=1\" alt=\"\" width=\"14\" height=\"12\" srcset=\"https:\/\/i0.wp.com\/butiko.come-together-songs.de\/wp-content\/uploads\/2022\/10\/speaker.png?resize=14%2C12&amp;ssl=1 14w, https:\/\/i0.wp.com\/butiko.come-together-songs.de\/wp-content\/uploads\/2022\/10\/speaker.png?w=297&amp;ssl=1 297w\" sizes=\"auto, (max-width: 14px) 100vw, 14px\" \/><\/a><a href=\"https:\/\/butiko.come-together-songs.de\/de_de\/hoerproben-musik-cd-i-2-let-the-heaven-be-reflected\/#Anker\">Let the Heaven be Reflected<\/a> \u2013 Sufi<br \/>\nAllah Hu \u2013 Sufi<\/p>\n","protected":false},"excerpt":{"rendered":"<p><strong>Lieder des Herzens aus aller Welt<\/strong><br \/>\nzu Liederbuch Band I<\/p>\n<p>21 Titel<br \/>\nSpieldauer 64 Minuten<br \/>\nMit ausf\u00fchrlichem Booklet.<br \/>\nISBN 978-3-89060-234-7<br \/>\nHagara Feinbier, <a href=\"https:\/\/strelablick.de\" target=\"_blank\" rel=\"noopener\">Roland Ficht<\/a>, <a href=\"http:\/\/www.cometodrum.de\/\" target=\"_blank\" rel=\"noopener\">Thomas Ritthoff<\/a><\/p>\n","protected":false},"featured_media":104,"template":"","meta":[],"product_brand":[],"product_cat":[83,168],"product_tag":[],"class_list":{"0":"post-105","1":"product","2":"type-product","3":"status-publish","4":"has-post-thumbnail","6":"product_cat-liederbuch-band-i-musik-cds-i-1-und-i-2","7":"product_cat-musik-cds","9":"first","10":"instock","11":"taxable","12":"shipping-taxable","13":"purchasable","14":"product-type-simple"},"jetpack_sharing_enabled":true,"_links":{"self":[{"href":"https:\/\/butiko.come-together-songs.de\/de_de\/wp-json\/wp\/v2\/product\/105","targetHints":{"allow":["GET"]}}],"collection":[{"href":"https:\/\/butiko.come-together-songs.de\/de_de\/wp-json\/wp\/v2\/product"}],"about":[{"href":"https:\/\/butiko.come-together-songs.de\/de_de\/wp-json\/wp\/v2\/types\/product"}],"wp:featuredmedia":[{"embeddable":true,"href":"https:\/\/butiko.come-together-songs.de\/de_de\/wp-json\/wp\/v2\/media\/104"}],"wp:attachment":[{"href":"https:\/\/butiko.come-together-songs.de\/de_de\/wp-json\/wp\/v2\/media?parent=105"}],"wp:term":[{"taxonomy":"product_brand","embeddable":true,"href":"https:\/\/butiko.come-together-songs.de\/de_de\/wp-json\/wp\/v2\/product_brand?post=105"},{"taxonomy":"product_cat","embeddable":true,"href":"https:\/\/butiko.come-together-songs.de\/de_de\/wp-json\/wp\/v2\/product_cat?post=105"},{"taxonomy":"product_tag","embeddable":true,"href":"https:\/\/butiko.come-together-songs.de\/de_de\/wp-json\/wp\/v2\/product_tag?post=105"}],"curies":[{"name":"wp","href":"https:\/\/api.w.org\/{rel}","templated":true}]}}