{"id":616,"date":"2022-11-02T16:39:09","date_gmt":"2022-11-02T15:39:09","guid":{"rendered":"https:\/\/butiko.come-together-songs.de\/?page_id=616"},"modified":"2022-11-02T16:40:27","modified_gmt":"2022-11-02T15:40:27","slug":"abbruch-das-hat-nicht-funktioniert","status":"publish","type":"page","link":"https:\/\/butiko.come-together-songs.de\/de_de\/abbruch-das-hat-nicht-funktioniert\/","title":{"rendered":"Abbruch, das hat nicht funktioniert"},"content":{"rendered":"\n<h4 class=\"wp-block-heading\">Ich Versuch mit Sofort-\u00dcberweisung zu bezahlen wurde abgebrochen.<br><\/h4>\n\n\n\n<h4 class=\"wp-block-heading\">Bitte versuchen Sie es erneut oder w\u00e4hlen Sie eine andere Zahlungsmethode.<\/h4>\n\n\n\n<p><\/p>\n\n\n\n<p>Mit freundlichen Gr\u00fc\u00dfen<br>Ihr Come Together Songs Team<\/p>\n","protected":false},"excerpt":{"rendered":"<p>Ich Versuch mit Sofort-\u00dcberweisung zu bezahlen wurde abgebrochen. Bitte versuchen Sie es erneut oder w\u00e4hlen Sie eine andere Zahlungsmethode. Mit freundlichen Gr\u00fc\u00dfenIhr Come Together Songs Team<\/p>\n","protected":false},"author":1,"featured_media":0,"parent":0,"menu_order":0,"comment_status":"closed","ping_status":"closed","template":"","meta":{"footnotes":""},"class_list":["post-616","page","type-page","status-publish","hentry"],"jetpack_sharing_enabled":true,"_links":{"self":[{"href":"https:\/\/butiko.come-together-songs.de\/de_de\/wp-json\/wp\/v2\/pages\/616","targetHints":{"allow":["GET"]}}],"collection":[{"href":"https:\/\/butiko.come-together-songs.de\/de_de\/wp-json\/wp\/v2\/pages"}],"about":[{"href":"https:\/\/butiko.come-together-songs.de\/de_de\/wp-json\/wp\/v2\/types\/page"}],"author":[{"embeddable":true,"href":"https:\/\/butiko.come-together-songs.de\/de_de\/wp-json\/wp\/v2\/users\/1"}],"replies":[{"embeddable":true,"href":"https:\/\/butiko.come-together-songs.de\/de_de\/wp-json\/wp\/v2\/comments?post=616"}],"version-history":[{"count":3,"href":"https:\/\/butiko.come-together-songs.de\/de_de\/wp-json\/wp\/v2\/pages\/616\/revisions"}],"predecessor-version":[{"id":619,"href":"https:\/\/butiko.come-together-songs.de\/de_de\/wp-json\/wp\/v2\/pages\/616\/revisions\/619"}],"wp:attachment":[{"href":"https:\/\/butiko.come-together-songs.de\/de_de\/wp-json\/wp\/v2\/media?parent=616"}],"curies":[{"name":"wp","href":"https:\/\/api.w.org\/{rel}","templated":true}]}}