{"id":23,"date":"2022-10-11T16:21:40","date_gmt":"2022-10-11T14:21:40","guid":{"rendered":"https:\/\/butiko.come-together-songs.de\/versandarten\/"},"modified":"2026-01-13T13:34:59","modified_gmt":"2026-01-13T12:34:59","slug":"versandarten","status":"publish","type":"page","link":"https:\/\/butiko.come-together-songs.de\/de_de\/versandarten\/","title":{"rendered":"Versand- und Lieferkosten"},"content":{"rendered":"\n<h4 class=\"wp-block-heading\">Lieferzeit<\/h4>\n\n\n\n<p>Wir bem\u00fchen uns eine Bestellung sp\u00e4testens nach drei Tagen zu bearbeiten und zu versenden. Trotzdem kann es in Ausnahmef\u00e4llen bis zu 10 Tagen dauern bis Sie ihre Bestellung erreicht. Besonders bei Lieferungen in das Ausland ergeben sich h\u00e4ufig Verz\u00f6gerungen. <\/p>\n\n\n\n<h4 class=\"wp-block-heading\">Lieferungen durch: Deutschen Post  AG oder DHL Paket GmbH<\/h4>\n\n\n\n<p>Grundlage sind die geltenden Preise der Deutschen Post AG oder der DHL Paket GmbH<\/p>\n\n\n\n<p><strong>Kostenfreier Versand innerhalb von DEUTSCHLAND von Bestellung ab 26,- \u20ac<\/strong>.<\/p>\n\n\n\n<p>Versandkosten in das Ausland. Stand 31.10.2024<br>F\u00fcr 1 Produkt ca.  3,70\u20ac<br>F\u00fcr 2 bis 3 Produkte ca. 7,00\u20ac<br>Bei mehr als 2 bis 3 Produkten variieren die Versandkosten je nach Versandzone und nach Gewicht.<br>Ab einem Bestellwert von 93,00 Euro sind Lieferungen in das  Ausland kostenfrei.<br><\/p>\n\n\n\n<p><strong>Im Bestellvorgang werden die Versandkosten angezeigt, nachdem Sie eine Adresse eingegeben haben. Bevor Sie kaufen<\/strong>!<\/p>\n","protected":false},"excerpt":{"rendered":"<p>Lieferzeit Wir bem\u00fchen uns eine Bestellung sp\u00e4testens nach drei Tagen zu bearbeiten und zu versenden. Trotzdem kann es in Ausnahmef\u00e4llen bis zu 10 Tagen dauern bis Sie ihre Bestellung erreicht. Besonders bei Lieferungen in das Ausland ergeben sich h\u00e4ufig Verz\u00f6gerungen. Lieferungen durch: Deutschen Post AG oder DHL Paket GmbH Grundlage sind die geltenden Preise der [&hellip;]<\/p>\n","protected":false},"author":1,"featured_media":0,"parent":0,"menu_order":0,"comment_status":"closed","ping_status":"closed","template":"","meta":{"footnotes":""},"class_list":["post-23","page","type-page","status-publish","hentry"],"jetpack_sharing_enabled":true,"_links":{"self":[{"href":"https:\/\/butiko.come-together-songs.de\/de_de\/wp-json\/wp\/v2\/pages\/23","targetHints":{"allow":["GET"]}}],"collection":[{"href":"https:\/\/butiko.come-together-songs.de\/de_de\/wp-json\/wp\/v2\/pages"}],"about":[{"href":"https:\/\/butiko.come-together-songs.de\/de_de\/wp-json\/wp\/v2\/types\/page"}],"author":[{"embeddable":true,"href":"https:\/\/butiko.come-together-songs.de\/de_de\/wp-json\/wp\/v2\/users\/1"}],"replies":[{"embeddable":true,"href":"https:\/\/butiko.come-together-songs.de\/de_de\/wp-json\/wp\/v2\/comments?post=23"}],"version-history":[{"count":10,"href":"https:\/\/butiko.come-together-songs.de\/de_de\/wp-json\/wp\/v2\/pages\/23\/revisions"}],"predecessor-version":[{"id":2995,"href":"https:\/\/butiko.come-together-songs.de\/de_de\/wp-json\/wp\/v2\/pages\/23\/revisions\/2995"}],"wp:attachment":[{"href":"https:\/\/butiko.come-together-songs.de\/de_de\/wp-json\/wp\/v2\/media?parent=23"}],"curies":[{"name":"wp","href":"https:\/\/api.w.org\/{rel}","templated":true}]}}