{"id":1189,"date":"2022-12-16T13:26:27","date_gmt":"2022-12-16T12:26:27","guid":{"rendered":"https:\/\/butiko.come-together-songs.de\/?page_id=1189"},"modified":"2022-12-16T13:33:44","modified_gmt":"2022-12-16T12:33:44","slug":"hinweise-fuer-altkundeninnen","status":"publish","type":"page","link":"https:\/\/butiko.come-together-songs.de\/de_de\/hinweise-fuer-altkundeninnen\/","title":{"rendered":"Hinweise f\u00fcr Altkundinnen und Kunden"},"content":{"rendered":"\n<p>Liebe treue Kunden und Kundinnen mit einem Kundenkonto. Bitte legt euch ein neues Kundenkonto an. Euer altes Konto ist nicht mehr zu erreichen.<\/p>\n\n\n\n<p>Mein Online-Shop wurde auf eine neue Software umgestellt. Die Kundenkonten aus meinem alten Shop wurden dabei nicht \u00fcbernommen. Um dem Datenschutz gerecht zu werden wurden Informationen aus den alten Konten gel\u00f6scht. Alle Vorg\u00e4nge, die eure Eink\u00e4ufe bei mir betreffen sind selbstverst\u00e4ndlich in meiner Buchhaltung abgelegt.<\/p>\n\n\n\n<p>Ich hoffe mein neuer Shop gef\u00e4llt euch und ihr kommt damit zurecht. Wenn nicht ruft mich bitte einfach an.<\/p>\n\n\n\n<h3 class=\"has-text-align-center wp-block-heading\">Viele  Spa\u00df beim Singen!<\/h3>\n\n\n\n<h3 class=\"has-text-align-center wp-block-heading\"> <em>Hagara<\/em><\/h3>\n","protected":false},"excerpt":{"rendered":"<p>Liebe treue Kunden und Kundinnen mit einem Kundenkonto. Bitte legt euch ein neues Kundenkonto an. Euer altes Konto ist nicht mehr zu erreichen. Mein Online-Shop wurde auf eine neue Software umgestellt. Die Kundenkonten aus meinem alten Shop wurden dabei nicht \u00fcbernommen. Um dem Datenschutz gerecht zu werden wurden Informationen aus den alten Konten gel\u00f6scht. Alle [&hellip;]<\/p>\n","protected":false},"author":1,"featured_media":0,"parent":0,"menu_order":0,"comment_status":"closed","ping_status":"closed","template":"","meta":{"footnotes":""},"class_list":["post-1189","page","type-page","status-publish","hentry"],"jetpack_sharing_enabled":true,"_links":{"self":[{"href":"https:\/\/butiko.come-together-songs.de\/de_de\/wp-json\/wp\/v2\/pages\/1189","targetHints":{"allow":["GET"]}}],"collection":[{"href":"https:\/\/butiko.come-together-songs.de\/de_de\/wp-json\/wp\/v2\/pages"}],"about":[{"href":"https:\/\/butiko.come-together-songs.de\/de_de\/wp-json\/wp\/v2\/types\/page"}],"author":[{"embeddable":true,"href":"https:\/\/butiko.come-together-songs.de\/de_de\/wp-json\/wp\/v2\/users\/1"}],"replies":[{"embeddable":true,"href":"https:\/\/butiko.come-together-songs.de\/de_de\/wp-json\/wp\/v2\/comments?post=1189"}],"version-history":[{"count":4,"href":"https:\/\/butiko.come-together-songs.de\/de_de\/wp-json\/wp\/v2\/pages\/1189\/revisions"}],"predecessor-version":[{"id":1196,"href":"https:\/\/butiko.come-together-songs.de\/de_de\/wp-json\/wp\/v2\/pages\/1189\/revisions\/1196"}],"wp:attachment":[{"href":"https:\/\/butiko.come-together-songs.de\/de_de\/wp-json\/wp\/v2\/media?parent=1189"}],"curies":[{"name":"wp","href":"https:\/\/api.w.org\/{rel}","templated":true}]}}